{"id":5503,"date":"2023-12-01T16:35:58","date_gmt":"2023-12-01T21:35:58","guid":{"rendered":"https:\/\/sinmente.co\/who-we-are\/"},"modified":"2026-02-09T13:30:46","modified_gmt":"2026-02-09T18:30:46","slug":"who-we-are","status":"publish","type":"page","link":"https:\/\/sinmente.co\/en\/who-we-are\/","title":{"rendered":"Who we are"},"content":{"rendered":"\t\t<div data-elementor-type=\"wp-page\" data-elementor-id=\"5503\" class=\"elementor elementor-5503 elementor-3084\" data-elementor-post-type=\"page\">\n\t\t\t\t<div class=\"elementor-element elementor-element-53d3ae4 e-flex e-con-boxed e-con e-parent\" data-id=\"53d3ae4\" data-element_type=\"container\" data-e-type=\"container\" data-settings=\"{&quot;background_background&quot;:&quot;slideshow&quot;,&quot;background_slideshow_gallery&quot;:[{&quot;id&quot;:5505,&quot;url&quot;:&quot;https:\\\/\\\/sinmente.co\\\/wp-content\\\/uploads\\\/2025\\\/10\\\/portada-ely-cafe-2-2.jpg&quot;}],&quot;background_slideshow_ken_burns&quot;:&quot;yes&quot;,&quot;jet_parallax_layout_list&quot;:[],&quot;background_slideshow_loop&quot;:&quot;yes&quot;,&quot;background_slideshow_slide_duration&quot;:5000,&quot;background_slideshow_slide_transition&quot;:&quot;fade&quot;,&quot;background_slideshow_transition_duration&quot;:500,&quot;background_slideshow_ken_burns_zoom_direction&quot;:&quot;in&quot;}\">\n\t\t\t\t\t<div class=\"e-con-inner\">\n\t\t<div class=\"elementor-element elementor-element-8dccaca e-con-full e-flex e-con e-child\" data-id=\"8dccaca\" data-element_type=\"container\" data-e-type=\"container\" data-settings=\"{&quot;jet_parallax_layout_list&quot;:[]}\">\n\t\t\t\t<div class=\"elementor-element elementor-element-4644ef3 elementor-invisible elementor-widget elementor-widget-heading\" data-id=\"4644ef3\" data-element_type=\"widget\" data-e-type=\"widget\" data-settings=\"{&quot;_animation&quot;:&quot;fadeInLeft&quot;,&quot;_animation_delay&quot;:0}\" data-widget_type=\"heading.default\">\n\t\t\t\t<div class=\"elementor-widget-container\">\n\t\t\t\t\t<h2 class=\"elementor-heading-title elementor-size-default\">Who\nwe are<\/h2>\t\t\t\t<\/div>\n\t\t\t\t<\/div>\n\t\t\t\t<div class=\"elementor-element elementor-element-8e2cee8 elementor-invisible elementor-widget elementor-widget-heading\" data-id=\"8e2cee8\" data-element_type=\"widget\" data-e-type=\"widget\" data-settings=\"{&quot;_animation&quot;:&quot;fadeInLeft&quot;,&quot;_animation_delay&quot;:100}\" data-widget_type=\"heading.default\">\n\t\t\t\t<div class=\"elementor-widget-container\">\n\t\t\t\t\t<h2 class=\"elementor-heading-title elementor-size-default\">LIFE IS TOO SHORT TO EAT WITH FEAR<\/h2>\t\t\t\t<\/div>\n\t\t\t\t<\/div>\n\t\t\t\t<\/div>\n\t\t<div class=\"elementor-element elementor-element-626e595 e-con-full e-flex e-con e-child\" data-id=\"626e595\" data-element_type=\"container\" data-e-type=\"container\" data-settings=\"{&quot;jet_parallax_layout_list&quot;:[]}\">\n\t\t\t\t<div class=\"elementor-element elementor-element-4507075 elementor-invisible elementor-widget elementor-widget-heading\" data-id=\"4507075\" data-element_type=\"widget\" data-e-type=\"widget\" data-settings=\"{&quot;_animation&quot;:&quot;fadeInRight&quot;}\" data-widget_type=\"heading.default\">\n\t\t\t\t<div class=\"elementor-widget-container\">\n\t\t\t\t\t<h2 class=\"elementor-heading-title elementor-size-default\">Our mentality is based on prioritizing the experience of those who trust us. Taking care of that relationship is what drives us to think big and always say: #WHYNOT? <\/h2>\t\t\t\t<\/div>\n\t\t\t\t<\/div>\n\t\t\t\t<\/div>\n\t\t\t\t\t<\/div>\n\t\t\t\t<\/div>\n\t\t<div class=\"elementor-element elementor-element-be97a77 e-flex e-con-boxed e-con e-parent\" data-id=\"be97a77\" data-element_type=\"container\" data-e-type=\"container\" data-settings=\"{&quot;background_background&quot;:&quot;classic&quot;,&quot;jet_parallax_layout_list&quot;:[]}\">\n\t\t\t\t\t<div class=\"e-con-inner\">\n\t\t<div class=\"elementor-element elementor-element-bd68faf e-con-full e-flex e-con e-child\" data-id=\"bd68faf\" data-element_type=\"container\" data-e-type=\"container\" data-settings=\"{&quot;jet_parallax_layout_list&quot;:[]}\">\n\t\t\t\t<div class=\"elementor-element elementor-element-5a2aa67 elementor-widget elementor-widget-heading\" data-id=\"5a2aa67\" data-element_type=\"widget\" data-e-type=\"widget\" data-widget_type=\"heading.default\">\n\t\t\t\t<div class=\"elementor-widget-container\">\n\t\t\t\t\t<h2 class=\"elementor-heading-title elementor-size-default\">Our history<\/h2>\t\t\t\t<\/div>\n\t\t\t\t<\/div>\n\t\t\t\t<\/div>\n\t\t<div class=\"elementor-element elementor-element-2475510 e-con-full e-flex e-con e-child\" data-id=\"2475510\" data-element_type=\"container\" data-e-type=\"container\" data-settings=\"{&quot;jet_parallax_layout_list&quot;:[]}\">\n\t\t\t\t<div class=\"elementor-element elementor-element-eec0f5a elementor-widget elementor-widget-text-editor\" data-id=\"eec0f5a\" data-element_type=\"widget\" data-e-type=\"widget\" data-widget_type=\"text-editor.default\">\n\t\t\t\t<div class=\"elementor-widget-container\">\n\t\t\t\t\t\t\t\t\t<div class=\"page\" title=\"Page 7\"><div class=\"section\"><div class=\"layoutArea\"><div class=\"column\"><p>Sinmente was born in 2015 with a project called BURDO, in which we were looking for a new form of entertainment for the city. <\/p><\/div><\/div><\/div><\/div>\t\t\t\t\t\t\t\t<\/div>\n\t\t\t\t<\/div>\n\t\t\t\t<div class=\"elementor-element elementor-element-090b098 elementor-widget elementor-widget-text-editor\" data-id=\"090b098\" data-element_type=\"widget\" data-e-type=\"widget\" data-widget_type=\"text-editor.default\">\n\t\t\t\t<div class=\"elementor-widget-container\">\n\t\t\t\t\t\t\t\t\t<div class=\"page\" title=\"Page 7\"><div class=\"section\"><div class=\"layoutArea\"><div class=\"column\"><p>This place changed the rules of the game and the way the gastronomic sector was experienced in Medell\u00edn. <br>From there, finding local needs and different ways of brand creation, the following were born: Criminal, El Bot\u00e1nico, La Bronca, Malayerba, Mero, Egeo, Lobo, Oni, La Cruda, El Agite, Posada le\u00f3n, General, Cierto, Mal de Ojo, Mala and Sci.<\/p><\/div><\/div><\/div><\/div>\t\t\t\t\t\t\t\t<\/div>\n\t\t\t\t<\/div>\n\t\t\t\t<div class=\"elementor-element elementor-element-e91bbc1 elementor-widget elementor-widget-text-editor\" data-id=\"e91bbc1\" data-element_type=\"widget\" data-e-type=\"widget\" data-widget_type=\"text-editor.default\">\n\t\t\t\t<div class=\"elementor-widget-container\">\n\t\t\t\t\t\t\t\t\t<div class=\"page\" title=\"Page 7\"><div class=\"section\"><div class=\"layoutArea\"><div class=\"column\"><p>Welcomed by the public and being ambitious, we became a group that makes a difference in the entertainment market, under the name of the Sinmente group.<\/p><\/div><\/div><\/div><\/div>\t\t\t\t\t\t\t\t<\/div>\n\t\t\t\t<\/div>\n\t\t\t\t<\/div>\n\t\t\t\t\t<\/div>\n\t\t\t\t<\/div>\n\t\t<div class=\"elementor-element elementor-element-5733ec5 e-con-full e-flex e-con e-parent\" data-id=\"5733ec5\" data-element_type=\"container\" data-e-type=\"container\" data-settings=\"{&quot;background_background&quot;:&quot;classic&quot;,&quot;jet_parallax_layout_list&quot;:[]}\">\n\t\t\t\t<div class=\"elementor-element elementor-element-80366d4 elementor-widget elementor-widget-heading\" data-id=\"80366d4\" data-element_type=\"widget\" data-e-type=\"widget\" data-widget_type=\"heading.default\">\n\t\t\t\t<div class=\"elementor-widget-container\">\n\t\t\t\t\t<div class=\"elementor-heading-title elementor-size-default\">WHY NOT?<\/div>\t\t\t\t<\/div>\n\t\t\t\t<\/div>\n\t\t\t\t<div class=\"elementor-element elementor-element-58338b7 elementor-widget elementor-widget-text-editor\" data-id=\"58338b7\" data-element_type=\"widget\" data-e-type=\"widget\" data-widget_type=\"text-editor.default\">\n\t\t\t\t<div class=\"elementor-widget-container\">\n\t\t\t\t\t\t\t\t\t<div class=\"page\" title=\"Page 7\"><div class=\"section\"><div class=\"layoutArea\"><div class=\"column\"><p>Are you ready to say #WHYNOT and create new experiences with us?<\/p><\/div><\/div><\/div><\/div>\t\t\t\t\t\t\t\t<\/div>\n\t\t\t\t<\/div>\n\t\t\t\t<\/div>\n\t\t<div class=\"elementor-element elementor-element-b622a0e e-flex e-con-boxed e-con e-parent\" data-id=\"b622a0e\" data-element_type=\"container\" data-e-type=\"container\" data-settings=\"{&quot;jet_parallax_layout_list&quot;:[]}\">\n\t\t\t\t\t<div class=\"e-con-inner\">\n\t\t\t\t<div class=\"elementor-element elementor-element-1c5be55 uael-img-grid__column-3 uael-img-grid-tablet__column-3 uael-img-grid-mobile__column-2 uael-ins-normal elementor-widget elementor-widget-uael-image-gallery\" data-id=\"1c5be55\" data-element_type=\"widget\" data-e-type=\"widget\" data-settings=\"{&quot;gallery_columns&quot;:&quot;3&quot;,&quot;column_gap&quot;:{&quot;unit&quot;:&quot;px&quot;,&quot;size&quot;:10,&quot;sizes&quot;:[]},&quot;row_gap&quot;:{&quot;unit&quot;:&quot;px&quot;,&quot;size&quot;:10,&quot;sizes&quot;:[]},&quot;gallery_columns_tablet&quot;:&quot;3&quot;,&quot;gallery_columns_mobile&quot;:&quot;2&quot;,&quot;column_gap_tablet&quot;:{&quot;unit&quot;:&quot;px&quot;,&quot;size&quot;:&quot;&quot;,&quot;sizes&quot;:[]},&quot;column_gap_mobile&quot;:{&quot;unit&quot;:&quot;px&quot;,&quot;size&quot;:&quot;&quot;,&quot;sizes&quot;:[]},&quot;row_gap_tablet&quot;:{&quot;unit&quot;:&quot;px&quot;,&quot;size&quot;:&quot;&quot;,&quot;sizes&quot;:[]},&quot;row_gap_mobile&quot;:{&quot;unit&quot;:&quot;px&quot;,&quot;size&quot;:&quot;&quot;,&quot;sizes&quot;:[]},&quot;images_valign&quot;:&quot;flex-start&quot;}\" data-widget_type=\"uael-image-gallery.default\">\n\t\t\t\t<div class=\"elementor-widget-container\">\n\t\t\t\t\t<div class=\"uael-gallery-parent uael-caption- uael-gallery-unjustified\"><div class=\"uael-img-gallery-wrap uael-img-grid-wrap uael-img-grid-masonry-wrap\" data-filter-default=\"All\"><div class=\"uael-grid-item  uael-img-gallery-item-3\"><div class=\"uael-grid-item-content\"><figure class=\"uael-grid-img uael-grid-gallery-img uael-ins-hover elementor-clickable\"><div class=\"uael-grid-img-thumbnail uael-ins-target\"><img decoding=\"async\" src=\"https:\/\/sinmente.co\/wp-content\/uploads\/elementor\/thumbs\/MALA_FEB_2024-0056-scaled-rdb6bdb1njimkom37tpwmwwemaln44lj6ha5as9mm0.jpg\" title=\"MALA_FEB_2024-0056\" alt=\"MALA_FEB_2024-0056\" loading=\"lazy\" \/><\/div><div class=\"uael-grid-img-overlay\"><\/div><\/figure><\/div><\/div><div class=\"uael-grid-item  uael-img-gallery-item-5\"><div class=\"uael-grid-item-content\"><figure class=\"uael-grid-img uael-grid-gallery-img uael-ins-hover elementor-clickable\"><div class=\"uael-grid-img-thumbnail uael-ins-target\"><img decoding=\"async\" src=\"https:\/\/sinmente.co\/wp-content\/uploads\/elementor\/thumbs\/Seco-de-cordero-rdb648p3trrcj4ytu8sr87nkg3qfqrat776la8u3so.png\" title=\"Seco de cordero\" alt=\"Seco de cordero\" loading=\"lazy\" \/><\/div><div class=\"uael-grid-img-overlay\"><\/div><\/figure><\/div><\/div><div class=\"uael-grid-item  uael-img-gallery-item-13\"><div class=\"uael-grid-item-content\"><figure class=\"uael-grid-img uael-grid-gallery-img uael-ins-hover elementor-clickable\"><div class=\"uael-grid-img-thumbnail uael-ins-target\"><img decoding=\"async\" src=\"https:\/\/sinmente.co\/wp-content\/uploads\/elementor\/thumbs\/portada-ely-cafe-2-2-rdb4qpl9p1yequww2c1hc7m5k5v54xo021mhwc9xo8.jpg\" title=\"portada-ely-cafe-2.jpg\" alt=\"portada-ely-cafe-2.jpg\" loading=\"lazy\" \/><\/div><div class=\"uael-grid-img-overlay\"><\/div><\/figure><\/div><\/div><div class=\"uael-grid-item  uael-img-gallery-item-4\"><div class=\"uael-grid-item-content\"><figure class=\"uael-grid-img uael-grid-gallery-img uael-ins-hover elementor-clickable\"><div class=\"uael-grid-img-thumbnail uael-ins-target\"><img decoding=\"async\" src=\"https:\/\/sinmente.co\/wp-content\/uploads\/elementor\/thumbs\/sin-titulo-3986-scaled-rdb64g7tcg1n40nwmc1rs5r976pdgc4nw8eh4giyew.jpg\" title=\"sin ti\u0301tulo-3986\" alt=\"sin ti\u0301tulo-3986\" loading=\"lazy\" \/><\/div><div class=\"uael-grid-img-overlay\"><\/div><\/figure><\/div><\/div><div class=\"uael-grid-item  uael-img-gallery-item-9\"><div class=\"uael-grid-item-content\"><figure class=\"uael-grid-img uael-grid-gallery-img uael-ins-hover elementor-clickable\"><div class=\"uael-grid-img-thumbnail uael-ins-target\"><img decoding=\"async\" src=\"https:\/\/sinmente.co\/wp-content\/uploads\/elementor\/thumbs\/gal-mal-de-ojo-12-2-rdb4qw650w7f04nbzwvvbnydpuypmte4ey6w9a06go.jpg\" title=\"gal-mal-de-ojo-12.jpg\" alt=\"gal-mal-de-ojo-12.jpg\" loading=\"lazy\" \/><\/div><div class=\"uael-grid-img-overlay\"><\/div><\/figure><\/div><\/div><div class=\"uael-grid-item  uael-img-gallery-item-2\"><div class=\"uael-grid-item-content\"><figure class=\"uael-grid-img uael-grid-gallery-img uael-ins-hover elementor-clickable\"><div class=\"uael-grid-img-thumbnail uael-ins-target\"><img decoding=\"async\" src=\"https:\/\/sinmente.co\/wp-content\/uploads\/elementor\/thumbs\/DSC03597-rdb6gvmzpl24mem01pg6r0unylg389gw9qxlk63k54.jpg\" title=\"DSC03597\" alt=\"DSC03597\" loading=\"lazy\" \/><\/div><div class=\"uael-grid-img-overlay\"><\/div><\/figure><\/div><\/div><div class=\"uael-grid-item  uael-img-gallery-item-12\"><div class=\"uael-grid-item-content\"><figure class=\"uael-grid-img uael-grid-gallery-img uael-ins-hover elementor-clickable\"><div class=\"uael-grid-img-thumbnail uael-ins-target\"><img decoding=\"async\" src=\"https:\/\/sinmente.co\/wp-content\/uploads\/elementor\/thumbs\/portada-sci-2-2-rdb4qrgy2q0ze2u5rcuqh752qxlvkbvgqaxguw75bs.jpg\" title=\"portada-sci-2.jpg\" alt=\"portada-sci-2.jpg\" loading=\"lazy\" \/><\/div><div class=\"uael-grid-img-overlay\"><\/div><\/figure><\/div><\/div><div class=\"uael-grid-item  uael-img-gallery-item-14\"><div class=\"uael-grid-item-content\"><figure class=\"uael-grid-img uael-grid-gallery-img uael-ins-hover elementor-clickable\"><div class=\"uael-grid-img-thumbnail uael-ins-target\"><img decoding=\"async\" src=\"https:\/\/sinmente.co\/wp-content\/uploads\/elementor\/thumbs\/el-correo-2-2-rdb4qpl9p1yequww2c1hc7m5k5v54xo021mhwc9xo8.jpg\" title=\"el-correo-2.jpg\" alt=\"el-correo-2.jpg\" loading=\"lazy\" \/><\/div><div class=\"uael-grid-img-overlay\"><\/div><\/figure><\/div><\/div><div class=\"uael-grid-item  uael-img-gallery-item-15\"><div class=\"uael-grid-item-content\"><figure class=\"uael-grid-img uael-grid-gallery-img uael-ins-hover elementor-clickable\"><div class=\"uael-grid-img-thumbnail uael-ins-target\"><img decoding=\"async\" src=\"https:\/\/sinmente.co\/wp-content\/uploads\/elementor\/thumbs\/el-correo-1-2-rdb4qonfi7x4f8y97tmurpuoyrzrx8k9pwz0f2bbug.jpg\" title=\"el-correo-1.jpg\" alt=\"el-correo-1.jpg\" loading=\"lazy\" \/><\/div><div class=\"uael-grid-img-overlay\"><\/div><\/figure><\/div><\/div><div class=\"uael-grid-item  uael-img-gallery-item-8\"><div class=\"uael-grid-item-content\"><figure class=\"uael-grid-img uael-grid-gallery-img uael-ins-hover elementor-clickable\"><div class=\"uael-grid-img-thumbnail uael-ins-target\"><img decoding=\"async\" src=\"https:\/\/sinmente.co\/wp-content\/uploads\/elementor\/thumbs\/gal-oni-4-3-rdb4qv8au264oiop5eh8r66x4h3cf4ae2tjes01kmw.jpg\" title=\"gal-oni-4.jpg\" alt=\"gal-oni-4.jpg\" loading=\"lazy\" \/><\/div><div class=\"uael-grid-img-overlay\"><\/div><\/figure><\/div><\/div><div class=\"uael-grid-item  uael-img-gallery-item-6\"><div class=\"uael-grid-item-content\"><figure class=\"uael-grid-img uael-grid-gallery-img uael-ins-hover elementor-clickable\"><div class=\"uael-grid-img-thumbnail uael-ins-target\"><img decoding=\"async\" src=\"https:\/\/sinmente.co\/wp-content\/uploads\/elementor\/thumbs\/sin-titulo-6-1-rdb60dkzqagwsukweknyz6rcj2s43jyjc2mq9akddk.jpg\" title=\"sin t\u00edtulo-6\" alt=\"sin t\u00edtulo-6\" loading=\"lazy\" \/><\/div><div class=\"uael-grid-img-overlay\"><\/div><\/figure><\/div><\/div><div class=\"uael-grid-item  uael-img-gallery-item-11\"><div class=\"uael-grid-item-content\"><figure class=\"uael-grid-img uael-grid-gallery-img uael-ins-hover elementor-clickable\"><div class=\"uael-grid-img-thumbnail uael-ins-target\"><img decoding=\"async\" src=\"https:\/\/sinmente.co\/wp-content\/uploads\/elementor\/thumbs\/espacio-egeo-1-2-rdb4quagn84ucwq2aw2m6ofgj37z7f6nqovxaq2yt4.jpg\" title=\"espacio-egeo-1.jpg\" alt=\"espacio-egeo-1.jpg\" loading=\"lazy\" \/><\/div><div class=\"uael-grid-img-overlay\"><\/div><\/figure><\/div><\/div><div class=\"uael-grid-item  uael-img-gallery-item-1\"><div class=\"uael-grid-item-content\"><figure class=\"uael-grid-img uael-grid-gallery-img uael-ins-hover elementor-clickable\"><div class=\"uael-grid-img-thumbnail uael-ins-target\"><img decoding=\"async\" src=\"https:\/\/sinmente.co\/wp-content\/uploads\/elementor\/thumbs\/Copia-de-DSC_2299-scaled-rdb6oubrm1ykzh1kjndedii95471fy3115woxkahfc.jpg\" title=\"Copia de DSC_2299\" alt=\"Copia de DSC_2299\" loading=\"lazy\" \/><\/div><div class=\"uael-grid-img-overlay\"><\/div><\/figure><\/div><\/div><div class=\"uael-grid-item  uael-img-gallery-item-7\"><div class=\"uael-grid-item-content\"><figure class=\"uael-grid-img uael-grid-gallery-img uael-ins-hover elementor-clickable\"><div class=\"uael-grid-img-thumbnail uael-ins-target\"><img decoding=\"async\" src=\"https:\/\/sinmente.co\/wp-content\/uploads\/elementor\/thumbs\/sin-titulo-6-rdb5zxlqi3v1bh83zvrbassifiyvgp73lvjh3l82bc.jpg\" title=\"sin t\u00edtulo-6\" alt=\"sin t\u00edtulo-6\" loading=\"lazy\" \/><\/div><div class=\"uael-grid-img-overlay\"><\/div><\/figure><\/div><\/div><div class=\"uael-grid-item  uael-img-gallery-item-10\"><div class=\"uael-grid-item-content\"><figure class=\"uael-grid-img uael-grid-gallery-img uael-ins-hover elementor-clickable\"><div class=\"uael-grid-img-thumbnail uael-ins-target\"><img decoding=\"async\" src=\"https:\/\/sinmente.co\/wp-content\/uploads\/elementor\/thumbs\/20151006C_juanri_0663-rdb5x9q7507sf93djqbd8gzhu83fnkmh8ozy5d67y0.jpg\" title=\"20151006C_juanri_0663\" alt=\"20151006C_juanri_0663\" loading=\"lazy\" \/><\/div><div class=\"uael-grid-img-overlay\"><\/div><\/figure><\/div><\/div><\/div><\/div>\t\t\t\t<\/div>\n\t\t\t\t<\/div>\n\t\t\t\t\t<\/div>\n\t\t\t\t<\/div>\n\t\t\t\t<\/div>\n\t\t","protected":false},"excerpt":{"rendered":"<p>Who we are LIFE IS TOO SHORT TO EAT WITH FEAR Our mentality is based on prioritizing the experience of those who trust us. Taking care of that relationship is what drives us to think big and always say: #WHYNOT? Our history Sinmente was born in 2015 with a project called BURDO, in which we [&hellip;]<\/p>\n","protected":false},"author":3,"featured_media":0,"parent":0,"menu_order":0,"comment_status":"closed","ping_status":"closed","template":"elementor_header_footer","meta":{"footnotes":""},"class_list":["post-5503","page","type-page","status-publish","hentry"],"_links":{"self":[{"href":"https:\/\/sinmente.co\/en\/wp-json\/wp\/v2\/pages\/5503","targetHints":{"allow":["GET"]}}],"collection":[{"href":"https:\/\/sinmente.co\/en\/wp-json\/wp\/v2\/pages"}],"about":[{"href":"https:\/\/sinmente.co\/en\/wp-json\/wp\/v2\/types\/page"}],"author":[{"embeddable":true,"href":"https:\/\/sinmente.co\/en\/wp-json\/wp\/v2\/users\/3"}],"replies":[{"embeddable":true,"href":"https:\/\/sinmente.co\/en\/wp-json\/wp\/v2\/comments?post=5503"}],"version-history":[{"count":2,"href":"https:\/\/sinmente.co\/en\/wp-json\/wp\/v2\/pages\/5503\/revisions"}],"predecessor-version":[{"id":5508,"href":"https:\/\/sinmente.co\/en\/wp-json\/wp\/v2\/pages\/5503\/revisions\/5508"}],"wp:attachment":[{"href":"https:\/\/sinmente.co\/en\/wp-json\/wp\/v2\/media?parent=5503"}],"curies":[{"name":"wp","href":"https:\/\/api.w.org\/{rel}","templated":true}]}}